{"id":9686,"date":"2022-07-11T10:48:42","date_gmt":"2022-07-11T17:48:42","guid":{"rendered":"https:\/\/skylinebenefit.com\/planes-de-salud-de-covered-california\/"},"modified":"2022-07-21T15:26:43","modified_gmt":"2022-07-21T22:26:43","slug":"planes-de-salud-de-covered-california","status":"publish","type":"page","link":"https:\/\/skylinebenefit.com\/es\/planes-de-salud-de-covered-california\/","title":{"rendered":"Planes de salud de Covered California"},"content":{"rendered":"<h1 class=\"h2 mx-auto text-white text-center font-weight-bold px-3 editable\" data-cms-source=\"\/get-started\/index.html\" data-cms-index=\"0\"><span style=\"color: #000000;\">Planes de salud de Covered California<\/span><\/h1>\n<p>Los planes de salud de Covered California vienen en cuatro niveles de metal. Tienen diferentes costes de primas y servicios.<\/p>\n<h3>Plan Bronce<\/h3>\n<p>En comparaci\u00f3n con los otros tres planes, los planes Bronce suelen tener las primas de seguro mensuales m\u00e1s baratas. Sin embargo, los planes Bronce tambi\u00e9n suelen tener los gastos de bolsillo y las franquicias m\u00e1s elevadas cuando se utiliza el seguro m\u00e9dico. Pagan el 60% de sus gastos de salud. Usted ser\u00eda responsable del 40% restante, adem\u00e1s de su prima mensual.<\/p>\n<h3>Plan Plata<\/h3>\n<p>Los planes Silver suelen tener primas de seguro mensuales asequibles. Sin embargo, sus gastos de bolsillo siguen siendo m\u00e1s caros que los de un plan Oro o Platino. En concreto, el 70% de sus gastos m\u00e9dicos son pagados por un plan Plata, lo que significa que usted tendr\u00e1 que pagar el 30% restante de estos gastos.<\/p>\n<p>Tambi\u00e9n hay planes Enhanced Silver no est\u00e1ndar disponibles para personas y familias que cumplen ciertos requisitos de edad e ingresos. Estas opciones de Plata Mejorada var\u00edan entre los planes 73, 87 y 94, que se correlacionan esencialmente con el porcentaje de gastos que cubrir\u00e1 la aseguradora. Estos planes son comparables a las p\u00f3lizas Oro o Platino en lo que respecta a las franquicias y las prestaciones, pero tienen un coste muy inferior.<\/p>\n<h3>Plan Oro<\/h3>\n<p>Los planes Oro suelen tener primas de seguro mensuales m\u00e1s altas que los planes Bronce y Plata, sin embargo, tienen menos gastos de bolsillo al utilizar los servicios m\u00e9dicos. El plan paga el 80% de sus gastos m\u00e9dicos, mientras que usted ser\u00eda responsable del 20% restante, junto con su prima.<\/p>\n<h3>Plan Platino<\/h3>\n<p>Los planes Platino suelen tener las primas mensuales m\u00e1s altas de todos los planes met\u00e1licos. Sin embargo, tambi\u00e9n tienen los gastos de bolsillo m\u00e1s bajos cuando se necesita atenci\u00f3n m\u00e9dica. Los planes Platinum pagan el 90% de sus gastos m\u00e9dicos, lo que significa que usted es responsable del 10% restante. Estos bajos costes de bolsillo pueden resultar beneficiosos desde el punto de vista econ\u00f3mico para quienes necesitan una atenci\u00f3n m\u00e9dica de alto nivel.<\/p>\n<h3 style=\"text-align: center;\">Beneficios detallados del Plan 2021<img loading=\"lazy\" decoding=\"async\" class=\"lazyload size-large wp-image-4309 aligncenter\" src=\"https:\/\/skylinebenefit.com\/wp-content\/uploads\/2021\/03\/2021-Health-Benefits-table-1-1024x791.png\" data-orig-src=\"https:\/\/skylinebenefit.com\/wp-content\/uploads\/2021\/03\/2021-Health-Benefits-table-1-1024x791.png\" alt=\"\" width=\"1024\" height=\"791\" srcset=\"data:image\/svg+xml,%3Csvg%20xmlns%3D%27http%3A%2F%2Fwww.w3.org%2F2000%2Fsvg%27%20width%3D%271024%27%20height%3D%27791%27%20viewBox%3D%270%200%201024%20791%27%3E%3Crect%20width%3D%271024%27%20height%3D%273791%27%20fill-opacity%3D%220%22%2F%3E%3C%2Fsvg%3E\" data-srcset=\"https:\/\/skylinebenefit.com\/wp-content\/uploads\/2021\/03\/2021-Health-Benefits-table-1-200x155.png 200w, https:\/\/skylinebenefit.com\/wp-content\/uploads\/2021\/03\/2021-Health-Benefits-table-1-300x232.png 300w, https:\/\/skylinebenefit.com\/wp-content\/uploads\/2021\/03\/2021-Health-Benefits-table-1-400x309.png 400w, https:\/\/skylinebenefit.com\/wp-content\/uploads\/2021\/03\/2021-Health-Benefits-table-1-600x464.png 600w, https:\/\/skylinebenefit.com\/wp-content\/uploads\/2021\/03\/2021-Health-Benefits-table-1-768x593.png 768w, https:\/\/skylinebenefit.com\/wp-content\/uploads\/2021\/03\/2021-Health-Benefits-table-1-800x618.png 800w, https:\/\/skylinebenefit.com\/wp-content\/uploads\/2021\/03\/2021-Health-Benefits-table-1-1024x791.png 1024w, https:\/\/skylinebenefit.com\/wp-content\/uploads\/2021\/03\/2021-Health-Benefits-table-1-1200x927.png 1200w, https:\/\/skylinebenefit.com\/wp-content\/uploads\/2021\/03\/2021-Health-Benefits-table-1-1536x1187.png 1536w\" data-sizes=\"auto\" data-orig-sizes=\"auto, (max-width: 1024px) 100vw, 1024px\" \/><\/h3>\n<p>Recuerde que, independientemente del nivel de metal que elija, en <a href=\"https:\/\/skylinebenefit.com\/es\/covered-california\/\" target=\"_blank\" rel=\"noopener\">Covered<\/a> California todos los planes tienen los mismos l\u00edmites m\u00e1ximos de gastos de bolsillo. Estos l\u00edmites le protegen econ\u00f3micamente, sobre todo si necesita muchos cuidados m\u00e9dicos. Para 2021, el l\u00edmite anual es de 8.550 d\u00f3lares para un individuo y de 17.100 d\u00f3lares para una familia, incluidas las franquicias.<\/p>\n","protected":false},"excerpt":{"rendered":"<p>Planes de salud de Covered California Los planes de salud de Covered California vienen en cuatro niveles de metal. Tienen diferentes costes de primas y servicios. Plan Bronce En comparaci\u00f3n con los otros tres planes, los planes Bronce suelen tener [&hellip;]<\/p>\n","protected":false},"author":1,"featured_media":8023,"parent":0,"menu_order":0,"comment_status":"closed","ping_status":"closed","template":"","meta":{"footnotes":""},"class_list":["post-9686","page","type-page","status-publish","has-post-thumbnail","hentry"],"acf":[],"yoast_head":"<!-- This site is optimized with the Yoast SEO plugin v27.5 - https:\/\/yoast.com\/product\/yoast-seo-wordpress\/ -->\n<title>Planes de salud de Covered California en Fullerton | Skyline Benefit<\/title>\n<meta name=\"description\" content=\"Skyline Benefit ofrece opciones de seguro m\u00e9dico innovadoras y flexibles. Representamos a muchas compa\u00f1\u00edas de seguros con una amplia variedad de opciones de cobertura y precios.\" \/>\n<meta name=\"robots\" content=\"index, follow, max-snippet:-1, max-image-preview:large, max-video-preview:-1\" \/>\n<link rel=\"canonical\" href=\"https:\/\/skylinebenefit.com\/es\/planes-de-salud-de-covered-california\/\" \/>\n<meta property=\"og:locale\" content=\"es_ES\" \/>\n<meta property=\"og:type\" content=\"article\" \/>\n<meta property=\"og:title\" content=\"Planes de salud de Covered California en Fullerton | Skyline Benefit\" \/>\n<meta property=\"og:description\" content=\"Skyline Benefit ofrece opciones de seguro m\u00e9dico innovadoras y flexibles. Representamos a muchas compa\u00f1\u00edas de seguros con una amplia variedad de opciones de cobertura y precios.\" \/>\n<meta property=\"og:url\" content=\"https:\/\/skylinebenefit.com\/es\/planes-de-salud-de-covered-california\/\" \/>\n<meta property=\"og:site_name\" content=\"Skyline Benefit\" \/>\n<meta property=\"article:publisher\" content=\"https:\/\/www.facebook.com\/skylinebenefitins\/\" \/>\n<meta property=\"article:modified_time\" content=\"2022-07-21T22:26:43+00:00\" \/>\n<meta property=\"og:image\" content=\"https:\/\/skylinebenefit.com\/wp-content\/uploads\/2021\/02\/Within-Reach-rectangle-1.jpg\" \/>\n\t<meta property=\"og:image:width\" content=\"1280\" \/>\n\t<meta property=\"og:image:height\" content=\"720\" \/>\n\t<meta property=\"og:image:type\" content=\"image\/jpeg\" \/>\n<meta name=\"twitter:card\" content=\"summary_large_image\" \/>\n<meta name=\"twitter:label1\" content=\"Tiempo de lectura\" \/>\n\t<meta name=\"twitter:data1\" content=\"2 minutos\" \/>\n<script type=\"application\/ld+json\" class=\"yoast-schema-graph\">{\"@context\":\"https:\\\/\\\/schema.org\",\"@graph\":[{\"@type\":\"WebPage\",\"@id\":\"https:\\\/\\\/skylinebenefit.com\\\/es\\\/planes-de-salud-de-covered-california\\\/\",\"url\":\"https:\\\/\\\/skylinebenefit.com\\\/es\\\/planes-de-salud-de-covered-california\\\/\",\"name\":\"Planes de salud de Covered California en Fullerton | Skyline Benefit\",\"isPartOf\":{\"@id\":\"https:\\\/\\\/skylinebenefit.com\\\/es\\\/#website\"},\"primaryImageOfPage\":{\"@id\":\"https:\\\/\\\/skylinebenefit.com\\\/es\\\/planes-de-salud-de-covered-california\\\/#primaryimage\"},\"image\":{\"@id\":\"https:\\\/\\\/skylinebenefit.com\\\/es\\\/planes-de-salud-de-covered-california\\\/#primaryimage\"},\"thumbnailUrl\":\"https:\\\/\\\/skylinebenefit.com\\\/wp-content\\\/uploads\\\/2021\\\/02\\\/Within-Reach-rectangle-1.jpg\",\"datePublished\":\"2022-07-11T17:48:42+00:00\",\"dateModified\":\"2022-07-21T22:26:43+00:00\",\"description\":\"Skyline Benefit ofrece opciones de seguro m\u00e9dico innovadoras y flexibles. Representamos a muchas compa\u00f1\u00edas de seguros con una amplia variedad de opciones de cobertura y precios.\",\"breadcrumb\":{\"@id\":\"https:\\\/\\\/skylinebenefit.com\\\/es\\\/planes-de-salud-de-covered-california\\\/#breadcrumb\"},\"inLanguage\":\"es\",\"potentialAction\":[{\"@type\":\"ReadAction\",\"target\":[\"https:\\\/\\\/skylinebenefit.com\\\/es\\\/planes-de-salud-de-covered-california\\\/\"]}]},{\"@type\":\"ImageObject\",\"inLanguage\":\"es\",\"@id\":\"https:\\\/\\\/skylinebenefit.com\\\/es\\\/planes-de-salud-de-covered-california\\\/#primaryimage\",\"url\":\"https:\\\/\\\/skylinebenefit.com\\\/wp-content\\\/uploads\\\/2021\\\/02\\\/Within-Reach-rectangle-1.jpg\",\"contentUrl\":\"https:\\\/\\\/skylinebenefit.com\\\/wp-content\\\/uploads\\\/2021\\\/02\\\/Within-Reach-rectangle-1.jpg\",\"width\":1280,\"height\":720,\"caption\":\"Plan de seguro de salud\"},{\"@type\":\"BreadcrumbList\",\"@id\":\"https:\\\/\\\/skylinebenefit.com\\\/es\\\/planes-de-salud-de-covered-california\\\/#breadcrumb\",\"itemListElement\":[{\"@type\":\"ListItem\",\"position\":1,\"name\":\"Home\",\"item\":\"https:\\\/\\\/skylinebenefit.com\\\/es\\\/\"},{\"@type\":\"ListItem\",\"position\":2,\"name\":\"Planes de salud de Covered California\"}]},{\"@type\":\"WebSite\",\"@id\":\"https:\\\/\\\/skylinebenefit.com\\\/es\\\/#website\",\"url\":\"https:\\\/\\\/skylinebenefit.com\\\/es\\\/\",\"name\":\"Skyline Benefit\",\"description\":\"| Individual Insurance | Medicare | Group Health\",\"publisher\":{\"@id\":\"https:\\\/\\\/skylinebenefit.com\\\/es\\\/#organization\"},\"potentialAction\":[{\"@type\":\"SearchAction\",\"target\":{\"@type\":\"EntryPoint\",\"urlTemplate\":\"https:\\\/\\\/skylinebenefit.com\\\/es\\\/?s={search_term_string}\"},\"query-input\":{\"@type\":\"PropertyValueSpecification\",\"valueRequired\":true,\"valueName\":\"search_term_string\"}}],\"inLanguage\":\"es\"},{\"@type\":\"Organization\",\"@id\":\"https:\\\/\\\/skylinebenefit.com\\\/es\\\/#organization\",\"name\":\"Skyline Benefit\",\"url\":\"https:\\\/\\\/skylinebenefit.com\\\/es\\\/\",\"logo\":{\"@type\":\"ImageObject\",\"inLanguage\":\"es\",\"@id\":\"https:\\\/\\\/skylinebenefit.com\\\/es\\\/#\\\/schema\\\/logo\\\/image\\\/\",\"url\":\"https:\\\/\\\/skylinebenefit.com\\\/wp-content\\\/uploads\\\/2025\\\/10\\\/Skyline-Benefit-Logo.jpg\",\"contentUrl\":\"https:\\\/\\\/skylinebenefit.com\\\/wp-content\\\/uploads\\\/2025\\\/10\\\/Skyline-Benefit-Logo.jpg\",\"width\":467,\"height\":161,\"caption\":\"Skyline Benefit\"},\"image\":{\"@id\":\"https:\\\/\\\/skylinebenefit.com\\\/es\\\/#\\\/schema\\\/logo\\\/image\\\/\"},\"sameAs\":[\"https:\\\/\\\/www.facebook.com\\\/skylinebenefitins\\\/\",\"https:\\\/\\\/www.instagram.com\\\/skylinebenefit\\\/\",\"https:\\\/\\\/www.linkedin.com\\\/company\\\/skyline-benefit-insurance-solutions-llc\\\/\",\"https:\\\/\\\/www.youtube.com\\\/channel\\\/UCtPcoI3YbGVN_uWhUgAZMMw\"]}]}<\/script>\n<!-- \/ Yoast SEO plugin. -->","yoast_head_json":{"title":"Planes de salud de Covered California en Fullerton | Skyline Benefit","description":"Skyline Benefit ofrece opciones de seguro m\u00e9dico innovadoras y flexibles. Representamos a muchas compa\u00f1\u00edas de seguros con una amplia variedad de opciones de cobertura y precios.","robots":{"index":"index","follow":"follow","max-snippet":"max-snippet:-1","max-image-preview":"max-image-preview:large","max-video-preview":"max-video-preview:-1"},"canonical":"https:\/\/skylinebenefit.com\/es\/planes-de-salud-de-covered-california\/","og_locale":"es_ES","og_type":"article","og_title":"Planes de salud de Covered California en Fullerton | Skyline Benefit","og_description":"Skyline Benefit ofrece opciones de seguro m\u00e9dico innovadoras y flexibles. Representamos a muchas compa\u00f1\u00edas de seguros con una amplia variedad de opciones de cobertura y precios.","og_url":"https:\/\/skylinebenefit.com\/es\/planes-de-salud-de-covered-california\/","og_site_name":"Skyline Benefit","article_publisher":"https:\/\/www.facebook.com\/skylinebenefitins\/","article_modified_time":"2022-07-21T22:26:43+00:00","og_image":[{"width":1280,"height":720,"url":"https:\/\/skylinebenefit.com\/wp-content\/uploads\/2021\/02\/Within-Reach-rectangle-1.jpg","type":"image\/jpeg"}],"twitter_card":"summary_large_image","twitter_misc":{"Tiempo de lectura":"2 minutos"},"schema":{"@context":"https:\/\/schema.org","@graph":[{"@type":"WebPage","@id":"https:\/\/skylinebenefit.com\/es\/planes-de-salud-de-covered-california\/","url":"https:\/\/skylinebenefit.com\/es\/planes-de-salud-de-covered-california\/","name":"Planes de salud de Covered California en Fullerton | Skyline Benefit","isPartOf":{"@id":"https:\/\/skylinebenefit.com\/es\/#website"},"primaryImageOfPage":{"@id":"https:\/\/skylinebenefit.com\/es\/planes-de-salud-de-covered-california\/#primaryimage"},"image":{"@id":"https:\/\/skylinebenefit.com\/es\/planes-de-salud-de-covered-california\/#primaryimage"},"thumbnailUrl":"https:\/\/skylinebenefit.com\/wp-content\/uploads\/2021\/02\/Within-Reach-rectangle-1.jpg","datePublished":"2022-07-11T17:48:42+00:00","dateModified":"2022-07-21T22:26:43+00:00","description":"Skyline Benefit ofrece opciones de seguro m\u00e9dico innovadoras y flexibles. Representamos a muchas compa\u00f1\u00edas de seguros con una amplia variedad de opciones de cobertura y precios.","breadcrumb":{"@id":"https:\/\/skylinebenefit.com\/es\/planes-de-salud-de-covered-california\/#breadcrumb"},"inLanguage":"es","potentialAction":[{"@type":"ReadAction","target":["https:\/\/skylinebenefit.com\/es\/planes-de-salud-de-covered-california\/"]}]},{"@type":"ImageObject","inLanguage":"es","@id":"https:\/\/skylinebenefit.com\/es\/planes-de-salud-de-covered-california\/#primaryimage","url":"https:\/\/skylinebenefit.com\/wp-content\/uploads\/2021\/02\/Within-Reach-rectangle-1.jpg","contentUrl":"https:\/\/skylinebenefit.com\/wp-content\/uploads\/2021\/02\/Within-Reach-rectangle-1.jpg","width":1280,"height":720,"caption":"Plan de seguro de salud"},{"@type":"BreadcrumbList","@id":"https:\/\/skylinebenefit.com\/es\/planes-de-salud-de-covered-california\/#breadcrumb","itemListElement":[{"@type":"ListItem","position":1,"name":"Home","item":"https:\/\/skylinebenefit.com\/es\/"},{"@type":"ListItem","position":2,"name":"Planes de salud de Covered California"}]},{"@type":"WebSite","@id":"https:\/\/skylinebenefit.com\/es\/#website","url":"https:\/\/skylinebenefit.com\/es\/","name":"Skyline Benefit","description":"| Individual Insurance | Medicare | Group Health","publisher":{"@id":"https:\/\/skylinebenefit.com\/es\/#organization"},"potentialAction":[{"@type":"SearchAction","target":{"@type":"EntryPoint","urlTemplate":"https:\/\/skylinebenefit.com\/es\/?s={search_term_string}"},"query-input":{"@type":"PropertyValueSpecification","valueRequired":true,"valueName":"search_term_string"}}],"inLanguage":"es"},{"@type":"Organization","@id":"https:\/\/skylinebenefit.com\/es\/#organization","name":"Skyline Benefit","url":"https:\/\/skylinebenefit.com\/es\/","logo":{"@type":"ImageObject","inLanguage":"es","@id":"https:\/\/skylinebenefit.com\/es\/#\/schema\/logo\/image\/","url":"https:\/\/skylinebenefit.com\/wp-content\/uploads\/2025\/10\/Skyline-Benefit-Logo.jpg","contentUrl":"https:\/\/skylinebenefit.com\/wp-content\/uploads\/2025\/10\/Skyline-Benefit-Logo.jpg","width":467,"height":161,"caption":"Skyline Benefit"},"image":{"@id":"https:\/\/skylinebenefit.com\/es\/#\/schema\/logo\/image\/"},"sameAs":["https:\/\/www.facebook.com\/skylinebenefitins\/","https:\/\/www.instagram.com\/skylinebenefit\/","https:\/\/www.linkedin.com\/company\/skyline-benefit-insurance-solutions-llc\/","https:\/\/www.youtube.com\/channel\/UCtPcoI3YbGVN_uWhUgAZMMw"]}]}},"_links":{"self":[{"href":"https:\/\/skylinebenefit.com\/es\/wp-json\/wp\/v2\/pages\/9686","targetHints":{"allow":["GET"]}}],"collection":[{"href":"https:\/\/skylinebenefit.com\/es\/wp-json\/wp\/v2\/pages"}],"about":[{"href":"https:\/\/skylinebenefit.com\/es\/wp-json\/wp\/v2\/types\/page"}],"author":[{"embeddable":true,"href":"https:\/\/skylinebenefit.com\/es\/wp-json\/wp\/v2\/users\/1"}],"replies":[{"embeddable":true,"href":"https:\/\/skylinebenefit.com\/es\/wp-json\/wp\/v2\/comments?post=9686"}],"version-history":[{"count":1,"href":"https:\/\/skylinebenefit.com\/es\/wp-json\/wp\/v2\/pages\/9686\/revisions"}],"predecessor-version":[{"id":9919,"href":"https:\/\/skylinebenefit.com\/es\/wp-json\/wp\/v2\/pages\/9686\/revisions\/9919"}],"wp:featuredmedia":[{"embeddable":true,"href":"https:\/\/skylinebenefit.com\/es\/wp-json\/wp\/v2\/media\/8023"}],"wp:attachment":[{"href":"https:\/\/skylinebenefit.com\/es\/wp-json\/wp\/v2\/media?parent=9686"}],"curies":[{"name":"wp","href":"https:\/\/api.w.org\/{rel}","templated":true}]}}