{"id":9688,"date":"2022-07-11T10:53:49","date_gmt":"2022-07-11T17:53:49","guid":{"rendered":"https:\/\/skylinebenefit.com\/subvencion-de-covered-california\/"},"modified":"2022-07-26T16:09:50","modified_gmt":"2022-07-26T23:09:50","slug":"subvencion-de-covered-california","status":"publish","type":"page","link":"https:\/\/skylinebenefit.com\/es\/subvencion-de-covered-california\/","title":{"rendered":"Subvenci\u00f3n de Covered California"},"content":{"rendered":"<h2><span style=\"color: #000000;\">Ingresos estimados para Covered California<\/span><\/h2>\n<p>Cualquier subvenci\u00f3n financiera a trav\u00e9s de <a href=\"https:\/\/skylinebenefit.com\/es\/covered-california\/\" target=\"_blank\" rel=\"noopener\">Covered<\/a> California se basa en lo que usted espera que sean los ingresos de su hogar para el a\u00f1o de cobertura. Cuando calcule sus ingresos, tendr\u00e1 que incluir los ingresos de toda la familia, incluidos los suyos, los de su c\u00f3nyuge y los de cualquier persona que declare como dependiente en su declaraci\u00f3n de la renta.<\/p>\n<p>Puede empezar utilizando su renta bruta ajustada (AGI) de su declaraci\u00f3n de la renta federal m\u00e1s reciente, que se encuentra en la l\u00ednea 8b del formulario 1040. En el caso de los trabajadores aut\u00f3nomos o desempleados, lo mejor es hacer una estimaci\u00f3n lo m\u00e1s exacta posible y luego informar de los cambios en los ingresos a lo largo del a\u00f1o.<\/p>\n<p>Si al a\u00f1o siguiente presenta la declaraci\u00f3n de la renta y ha cobrado una subvenci\u00f3n econ\u00f3mica que no deber\u00eda haber cobrado, tendr\u00e1 que devolver a Hacienda la cantidad que debe.<\/p>\n<h2 class=\"font-weight-bold editable h3 editable\" data-cms-source=\"\/support\/financial-help\/household\/index.html\" data-cms-index=\"0\">\u00bfQui\u00e9n est\u00e1 incluido en un hogar?<\/h2>\n<p>Un hogar incluye al declarante principal, a su c\u00f3nyuge y a sus dependientes fiscales. Su c\u00f3nyuge y los dependientes fiscales deben incluirse aunque no soliciten el seguro de enfermedad.<\/p>\n<p>No incluya a nadie que no declare como dependiente en sus impuestos. Covered California determina si usted recibe ayuda financiera en funci\u00f3n de los ingresos de su familia, y no s\u00f3lo de los que solicitan la cobertura sanitaria.<\/p>\n<h2 class=\"font-weight-bold editable h3 editable\" data-cms-source=\"\/support\/financial-help\/income-changes\/index.html\" data-cms-index=\"0\">C\u00f3mo informar de un cambio<\/h2>\n<p>Cuando la informaci\u00f3n que pone en su solicitud cambia durante el a\u00f1o, debe comunicarlo. Los cambios en aspectos como la direcci\u00f3n, el tama\u00f1o de la familia y los ingresos pueden afectar a su elegibilidad.<\/p>\n<p>Los beneficiarios de Medi-Cal deben comunicar los cambios a la oficina local del condado en un plazo de 10 d\u00edas a partir del cambio. Si tiene un seguro m\u00e9dico a trav\u00e9s de <a href=\"https:\/\/skylinebenefit.com\/es\/covered-california\/\" target=\"_blank\" rel=\"noopener\">Covered California<\/a>, debe informar de los cambios en un plazo de 30 d\u00edas.<\/p>\n<p>Debe informar de un cambio si:<\/p>\n<ul>\n<li>Casarse o divorciarse,<\/li>\n<li>Tener un hijo, adoptar un hijo o darlo en adopci\u00f3n,<\/li>\n<li>Tener un cambio en los ingresos,<\/li>\n<li>Conseguir cobertura sanitaria a trav\u00e9s de un trabajo o de un programa como Medicare o Medi-Cal,<\/li>\n<li>Mu\u00e9vete,<\/li>\n<li>Ganar o perder un dependiente,<\/li>\n<li>Tener un cambio en el estado de la declaraci\u00f3n de impuestos,<\/li>\n<li>Tener un cambio de ciudadan\u00eda o de estatus migratorio,<\/li>\n<li>Est\u00e1n encarcelados o han salido de la c\u00e1rcel,<\/li>\n<li>Tener una correcci\u00f3n de su nombre, fecha de nacimiento o n\u00famero de la Seguridad Social,<\/li>\n<li>Experimentar cualquier otro cambio que pueda afectar a sus ingresos y al tama\u00f1o de su hogar.<\/li>\n<\/ul>\n<h2 data-cms-source=\"\/support\/financial-help\/federal-poverty-level\/index.html\" data-cms-index=\"0\"><\/h2>\n<h2 class=\"font-weight-bold editable h3 editable\" data-cms-source=\"\/support\/financial-help\/federal-poverty-level\/index.html\" data-cms-index=\"0\">\u00bfCu\u00e1l es el nivel de pobreza federal?<\/h2>\n<div class=\"editable gtm-content\" data-cms-source=\"\/support\/financial-help\/federal-poverty-level\/index.html\" data-cms-index=\"1\">\n<p>El nivel federal de pobreza (FPL) es lo que Covered California utiliza para determinar si usted recibir\u00e1 ayuda financiera. Es una medida del nivel de ingresos que emite anualmente el Departamento de Salud y Servicios Humanos de los Estados Unidos. Los niveles federales de pobreza se utilizan para determinar la elegibilidad para ciertos programas y beneficios. En California, por ejemplo, Medi-Cal est\u00e1 disponible para la mayor\u00eda de los adultos de 19 a 64 a\u00f1os que ganan hasta el 138% del nivel federal de pobreza.<\/p>\n<p><img loading=\"lazy\" decoding=\"async\" class=\"lazyload size-large wp-image-4321 aligncenter\" src=\"https:\/\/skylinebenefit.com\/wp-content\/uploads\/2021\/03\/FPL-chart_Page_1-1024x791.png\" data-orig-src=\"https:\/\/skylinebenefit.com\/wp-content\/uploads\/2021\/03\/FPL-chart_Page_1-1024x791.png\" alt=\"\" width=\"1024\" height=\"791\" srcset=\"data:image\/svg+xml,%3Csvg%20xmlns%3D%27http%3A%2F%2Fwww.w3.org%2F2000%2Fsvg%27%20width%3D%271024%27%20height%3D%27791%27%20viewBox%3D%270%200%201024%20791%27%3E%3Crect%20width%3D%271024%27%20height%3D%273791%27%20fill-opacity%3D%220%22%2F%3E%3C%2Fsvg%3E\" data-srcset=\"https:\/\/skylinebenefit.com\/wp-content\/uploads\/2021\/03\/FPL-chart_Page_1-200x155.png 200w, https:\/\/skylinebenefit.com\/wp-content\/uploads\/2021\/03\/FPL-chart_Page_1-300x232.png 300w, https:\/\/skylinebenefit.com\/wp-content\/uploads\/2021\/03\/FPL-chart_Page_1-400x309.png 400w, https:\/\/skylinebenefit.com\/wp-content\/uploads\/2021\/03\/FPL-chart_Page_1-600x464.png 600w, https:\/\/skylinebenefit.com\/wp-content\/uploads\/2021\/03\/FPL-chart_Page_1-768x593.png 768w, https:\/\/skylinebenefit.com\/wp-content\/uploads\/2021\/03\/FPL-chart_Page_1-800x618.png 800w, https:\/\/skylinebenefit.com\/wp-content\/uploads\/2021\/03\/FPL-chart_Page_1-1024x791.png 1024w, https:\/\/skylinebenefit.com\/wp-content\/uploads\/2021\/03\/FPL-chart_Page_1-1200x927.png 1200w, https:\/\/skylinebenefit.com\/wp-content\/uploads\/2021\/03\/FPL-chart_Page_1-1536x1187.png 1536w\" data-sizes=\"auto\" data-orig-sizes=\"auto, (max-width: 1024px) 100vw, 1024px\" \/><\/p>\n<\/div>\n","protected":false},"excerpt":{"rendered":"<p>Ingresos estimados para Covered California Cualquier subvenci\u00f3n financiera a trav\u00e9s de Covered California se basa en lo que usted espera que sean los ingresos de su hogar para el a\u00f1o de cobertura. Cuando calcule sus ingresos, tendr\u00e1 que incluir los [&hellip;]<\/p>\n","protected":false},"author":1,"featured_media":8039,"parent":0,"menu_order":0,"comment_status":"closed","ping_status":"closed","template":"","meta":{"footnotes":""},"class_list":["post-9688","page","type-page","status-publish","has-post-thumbnail","hentry"],"acf":[],"yoast_head":"<!-- This site is optimized with the Yoast SEO plugin v27.5 - https:\/\/yoast.com\/product\/yoast-seo-wordpress\/ -->\n<title>Subvenci\u00f3n de Covered California | Agencia de Covered California | Prestaci\u00f3n de Skyline<\/title>\n<meta name=\"description\" content=\"Skyline Benefit ofrece opciones de seguro m\u00e9dico innovadoras y flexibles con una amplia variedad de planes de Covered California. Conozca los ingresos estimados para Covered California.\" \/>\n<meta name=\"robots\" content=\"index, follow, max-snippet:-1, max-image-preview:large, max-video-preview:-1\" \/>\n<link rel=\"canonical\" href=\"https:\/\/skylinebenefit.com\/es\/subvencion-de-covered-california\/\" \/>\n<meta property=\"og:locale\" content=\"es_ES\" \/>\n<meta property=\"og:type\" content=\"article\" \/>\n<meta property=\"og:title\" content=\"Subvenci\u00f3n de Covered California | Agencia de Covered California | Prestaci\u00f3n de Skyline\" \/>\n<meta property=\"og:description\" content=\"Skyline Benefit ofrece opciones de seguro m\u00e9dico innovadoras y flexibles con una amplia variedad de planes de Covered California. Conozca los ingresos estimados para Covered California.\" \/>\n<meta property=\"og:url\" content=\"https:\/\/skylinebenefit.com\/es\/subvencion-de-covered-california\/\" \/>\n<meta property=\"og:site_name\" content=\"Skyline Benefit\" \/>\n<meta property=\"article:publisher\" content=\"https:\/\/www.facebook.com\/skylinebenefitins\/\" \/>\n<meta property=\"article:modified_time\" content=\"2022-07-26T23:09:50+00:00\" \/>\n<meta property=\"og:image\" content=\"https:\/\/skylinebenefit.com\/wp-content\/uploads\/2021\/03\/Get-Help.png\" \/>\n\t<meta property=\"og:image:width\" content=\"1600\" \/>\n\t<meta property=\"og:image:height\" content=\"900\" \/>\n\t<meta property=\"og:image:type\" content=\"image\/png\" \/>\n<meta name=\"twitter:card\" content=\"summary_large_image\" \/>\n<meta name=\"twitter:label1\" content=\"Tiempo de lectura\" \/>\n\t<meta name=\"twitter:data1\" content=\"3 minutos\" \/>\n<script type=\"application\/ld+json\" class=\"yoast-schema-graph\">{\"@context\":\"https:\\\/\\\/schema.org\",\"@graph\":[{\"@type\":\"WebPage\",\"@id\":\"https:\\\/\\\/skylinebenefit.com\\\/es\\\/subvencion-de-covered-california\\\/\",\"url\":\"https:\\\/\\\/skylinebenefit.com\\\/es\\\/subvencion-de-covered-california\\\/\",\"name\":\"Subvenci\u00f3n de Covered California | Agencia de Covered California | Prestaci\u00f3n de Skyline\",\"isPartOf\":{\"@id\":\"https:\\\/\\\/skylinebenefit.com\\\/es\\\/#website\"},\"primaryImageOfPage\":{\"@id\":\"https:\\\/\\\/skylinebenefit.com\\\/es\\\/subvencion-de-covered-california\\\/#primaryimage\"},\"image\":{\"@id\":\"https:\\\/\\\/skylinebenefit.com\\\/es\\\/subvencion-de-covered-california\\\/#primaryimage\"},\"thumbnailUrl\":\"https:\\\/\\\/skylinebenefit.com\\\/wp-content\\\/uploads\\\/2021\\\/03\\\/Get-Help.png\",\"datePublished\":\"2022-07-11T17:53:49+00:00\",\"dateModified\":\"2022-07-26T23:09:50+00:00\",\"description\":\"Skyline Benefit ofrece opciones de seguro m\u00e9dico innovadoras y flexibles con una amplia variedad de planes de Covered California. Conozca los ingresos estimados para Covered California.\",\"breadcrumb\":{\"@id\":\"https:\\\/\\\/skylinebenefit.com\\\/es\\\/subvencion-de-covered-california\\\/#breadcrumb\"},\"inLanguage\":\"es\",\"potentialAction\":[{\"@type\":\"ReadAction\",\"target\":[\"https:\\\/\\\/skylinebenefit.com\\\/es\\\/subvencion-de-covered-california\\\/\"]}]},{\"@type\":\"ImageObject\",\"inLanguage\":\"es\",\"@id\":\"https:\\\/\\\/skylinebenefit.com\\\/es\\\/subvencion-de-covered-california\\\/#primaryimage\",\"url\":\"https:\\\/\\\/skylinebenefit.com\\\/wp-content\\\/uploads\\\/2021\\\/03\\\/Get-Help.png\",\"contentUrl\":\"https:\\\/\\\/skylinebenefit.com\\\/wp-content\\\/uploads\\\/2021\\\/03\\\/Get-Help.png\",\"width\":1600,\"height\":900,\"caption\":\"Contrataci\u00f3n de seguros de salud\"},{\"@type\":\"BreadcrumbList\",\"@id\":\"https:\\\/\\\/skylinebenefit.com\\\/es\\\/subvencion-de-covered-california\\\/#breadcrumb\",\"itemListElement\":[{\"@type\":\"ListItem\",\"position\":1,\"name\":\"Home\",\"item\":\"https:\\\/\\\/skylinebenefit.com\\\/es\\\/\"},{\"@type\":\"ListItem\",\"position\":2,\"name\":\"Subvenci\u00f3n de Covered California\"}]},{\"@type\":\"WebSite\",\"@id\":\"https:\\\/\\\/skylinebenefit.com\\\/es\\\/#website\",\"url\":\"https:\\\/\\\/skylinebenefit.com\\\/es\\\/\",\"name\":\"Skyline Benefit\",\"description\":\"| Individual Insurance | Medicare | Group Health\",\"publisher\":{\"@id\":\"https:\\\/\\\/skylinebenefit.com\\\/es\\\/#organization\"},\"potentialAction\":[{\"@type\":\"SearchAction\",\"target\":{\"@type\":\"EntryPoint\",\"urlTemplate\":\"https:\\\/\\\/skylinebenefit.com\\\/es\\\/?s={search_term_string}\"},\"query-input\":{\"@type\":\"PropertyValueSpecification\",\"valueRequired\":true,\"valueName\":\"search_term_string\"}}],\"inLanguage\":\"es\"},{\"@type\":\"Organization\",\"@id\":\"https:\\\/\\\/skylinebenefit.com\\\/es\\\/#organization\",\"name\":\"Skyline Benefit\",\"url\":\"https:\\\/\\\/skylinebenefit.com\\\/es\\\/\",\"logo\":{\"@type\":\"ImageObject\",\"inLanguage\":\"es\",\"@id\":\"https:\\\/\\\/skylinebenefit.com\\\/es\\\/#\\\/schema\\\/logo\\\/image\\\/\",\"url\":\"https:\\\/\\\/skylinebenefit.com\\\/wp-content\\\/uploads\\\/2025\\\/10\\\/Skyline-Benefit-Logo.jpg\",\"contentUrl\":\"https:\\\/\\\/skylinebenefit.com\\\/wp-content\\\/uploads\\\/2025\\\/10\\\/Skyline-Benefit-Logo.jpg\",\"width\":467,\"height\":161,\"caption\":\"Skyline Benefit\"},\"image\":{\"@id\":\"https:\\\/\\\/skylinebenefit.com\\\/es\\\/#\\\/schema\\\/logo\\\/image\\\/\"},\"sameAs\":[\"https:\\\/\\\/www.facebook.com\\\/skylinebenefitins\\\/\",\"https:\\\/\\\/www.instagram.com\\\/skylinebenefit\\\/\",\"https:\\\/\\\/www.linkedin.com\\\/company\\\/skyline-benefit-insurance-solutions-llc\\\/\",\"https:\\\/\\\/www.youtube.com\\\/channel\\\/UCtPcoI3YbGVN_uWhUgAZMMw\"]}]}<\/script>\n<!-- \/ Yoast SEO plugin. -->","yoast_head_json":{"title":"Subvenci\u00f3n de Covered California | Agencia de Covered California | Prestaci\u00f3n de Skyline","description":"Skyline Benefit ofrece opciones de seguro m\u00e9dico innovadoras y flexibles con una amplia variedad de planes de Covered California. Conozca los ingresos estimados para Covered California.","robots":{"index":"index","follow":"follow","max-snippet":"max-snippet:-1","max-image-preview":"max-image-preview:large","max-video-preview":"max-video-preview:-1"},"canonical":"https:\/\/skylinebenefit.com\/es\/subvencion-de-covered-california\/","og_locale":"es_ES","og_type":"article","og_title":"Subvenci\u00f3n de Covered California | Agencia de Covered California | Prestaci\u00f3n de Skyline","og_description":"Skyline Benefit ofrece opciones de seguro m\u00e9dico innovadoras y flexibles con una amplia variedad de planes de Covered California. Conozca los ingresos estimados para Covered California.","og_url":"https:\/\/skylinebenefit.com\/es\/subvencion-de-covered-california\/","og_site_name":"Skyline Benefit","article_publisher":"https:\/\/www.facebook.com\/skylinebenefitins\/","article_modified_time":"2022-07-26T23:09:50+00:00","og_image":[{"width":1600,"height":900,"url":"https:\/\/skylinebenefit.com\/wp-content\/uploads\/2021\/03\/Get-Help.png","type":"image\/png"}],"twitter_card":"summary_large_image","twitter_misc":{"Tiempo de lectura":"3 minutos"},"schema":{"@context":"https:\/\/schema.org","@graph":[{"@type":"WebPage","@id":"https:\/\/skylinebenefit.com\/es\/subvencion-de-covered-california\/","url":"https:\/\/skylinebenefit.com\/es\/subvencion-de-covered-california\/","name":"Subvenci\u00f3n de Covered California | Agencia de Covered California | Prestaci\u00f3n de Skyline","isPartOf":{"@id":"https:\/\/skylinebenefit.com\/es\/#website"},"primaryImageOfPage":{"@id":"https:\/\/skylinebenefit.com\/es\/subvencion-de-covered-california\/#primaryimage"},"image":{"@id":"https:\/\/skylinebenefit.com\/es\/subvencion-de-covered-california\/#primaryimage"},"thumbnailUrl":"https:\/\/skylinebenefit.com\/wp-content\/uploads\/2021\/03\/Get-Help.png","datePublished":"2022-07-11T17:53:49+00:00","dateModified":"2022-07-26T23:09:50+00:00","description":"Skyline Benefit ofrece opciones de seguro m\u00e9dico innovadoras y flexibles con una amplia variedad de planes de Covered California. Conozca los ingresos estimados para Covered California.","breadcrumb":{"@id":"https:\/\/skylinebenefit.com\/es\/subvencion-de-covered-california\/#breadcrumb"},"inLanguage":"es","potentialAction":[{"@type":"ReadAction","target":["https:\/\/skylinebenefit.com\/es\/subvencion-de-covered-california\/"]}]},{"@type":"ImageObject","inLanguage":"es","@id":"https:\/\/skylinebenefit.com\/es\/subvencion-de-covered-california\/#primaryimage","url":"https:\/\/skylinebenefit.com\/wp-content\/uploads\/2021\/03\/Get-Help.png","contentUrl":"https:\/\/skylinebenefit.com\/wp-content\/uploads\/2021\/03\/Get-Help.png","width":1600,"height":900,"caption":"Contrataci\u00f3n de seguros de salud"},{"@type":"BreadcrumbList","@id":"https:\/\/skylinebenefit.com\/es\/subvencion-de-covered-california\/#breadcrumb","itemListElement":[{"@type":"ListItem","position":1,"name":"Home","item":"https:\/\/skylinebenefit.com\/es\/"},{"@type":"ListItem","position":2,"name":"Subvenci\u00f3n de Covered California"}]},{"@type":"WebSite","@id":"https:\/\/skylinebenefit.com\/es\/#website","url":"https:\/\/skylinebenefit.com\/es\/","name":"Skyline Benefit","description":"| Individual Insurance | Medicare | Group Health","publisher":{"@id":"https:\/\/skylinebenefit.com\/es\/#organization"},"potentialAction":[{"@type":"SearchAction","target":{"@type":"EntryPoint","urlTemplate":"https:\/\/skylinebenefit.com\/es\/?s={search_term_string}"},"query-input":{"@type":"PropertyValueSpecification","valueRequired":true,"valueName":"search_term_string"}}],"inLanguage":"es"},{"@type":"Organization","@id":"https:\/\/skylinebenefit.com\/es\/#organization","name":"Skyline Benefit","url":"https:\/\/skylinebenefit.com\/es\/","logo":{"@type":"ImageObject","inLanguage":"es","@id":"https:\/\/skylinebenefit.com\/es\/#\/schema\/logo\/image\/","url":"https:\/\/skylinebenefit.com\/wp-content\/uploads\/2025\/10\/Skyline-Benefit-Logo.jpg","contentUrl":"https:\/\/skylinebenefit.com\/wp-content\/uploads\/2025\/10\/Skyline-Benefit-Logo.jpg","width":467,"height":161,"caption":"Skyline Benefit"},"image":{"@id":"https:\/\/skylinebenefit.com\/es\/#\/schema\/logo\/image\/"},"sameAs":["https:\/\/www.facebook.com\/skylinebenefitins\/","https:\/\/www.instagram.com\/skylinebenefit\/","https:\/\/www.linkedin.com\/company\/skyline-benefit-insurance-solutions-llc\/","https:\/\/www.youtube.com\/channel\/UCtPcoI3YbGVN_uWhUgAZMMw"]}]}},"_links":{"self":[{"href":"https:\/\/skylinebenefit.com\/es\/wp-json\/wp\/v2\/pages\/9688","targetHints":{"allow":["GET"]}}],"collection":[{"href":"https:\/\/skylinebenefit.com\/es\/wp-json\/wp\/v2\/pages"}],"about":[{"href":"https:\/\/skylinebenefit.com\/es\/wp-json\/wp\/v2\/types\/page"}],"author":[{"embeddable":true,"href":"https:\/\/skylinebenefit.com\/es\/wp-json\/wp\/v2\/users\/1"}],"replies":[{"embeddable":true,"href":"https:\/\/skylinebenefit.com\/es\/wp-json\/wp\/v2\/comments?post=9688"}],"version-history":[{"count":1,"href":"https:\/\/skylinebenefit.com\/es\/wp-json\/wp\/v2\/pages\/9688\/revisions"}],"predecessor-version":[{"id":10029,"href":"https:\/\/skylinebenefit.com\/es\/wp-json\/wp\/v2\/pages\/9688\/revisions\/10029"}],"wp:featuredmedia":[{"embeddable":true,"href":"https:\/\/skylinebenefit.com\/es\/wp-json\/wp\/v2\/media\/8039"}],"wp:attachment":[{"href":"https:\/\/skylinebenefit.com\/es\/wp-json\/wp\/v2\/media?parent=9688"}],"curies":[{"name":"wp","href":"https:\/\/api.w.org\/{rel}","templated":true}]}}