{"id":9692,"date":"2022-07-11T11:02:27","date_gmt":"2022-07-11T18:02:27","guid":{"rendered":"https:\/\/skylinebenefit.com\/companias-de-seguros-de-covered-california\/"},"modified":"2022-07-11T11:02:27","modified_gmt":"2022-07-11T18:02:27","slug":"companias-de-seguros-de-covered-california","status":"publish","type":"page","link":"https:\/\/skylinebenefit.com\/es\/companias-de-seguros-de-covered-california\/","title":{"rendered":"Compa\u00f1\u00edas de seguros de Covered California"},"content":{"rendered":"<h2><span style=\"color: #000000;\">Compa\u00f1\u00edas de seguros de Covered California<\/span><\/h2>\n<p><img loading=\"lazy\" decoding=\"async\" class=\"lazyload alignnone size-full wp-image-4337\" src=\"https:\/\/skylinebenefit.com\/wp-content\/uploads\/2021\/03\/Covered-CA-Carriers.png\" data-orig-src=\"https:\/\/skylinebenefit.com\/wp-content\/uploads\/2021\/03\/Covered-CA-Carriers.png\" alt=\"\" width=\"782\" height=\"355\" srcset=\"data:image\/svg+xml,%3Csvg%20xmlns%3D%27http%3A%2F%2Fwww.w3.org%2F2000%2Fsvg%27%20width%3D%27782%27%20height%3D%27355%27%20viewBox%3D%270%200%20782%20355%27%3E%3Crect%20width%3D%27782%27%20height%3D%273355%27%20fill-opacity%3D%220%22%2F%3E%3C%2Fsvg%3E\" data-srcset=\"https:\/\/skylinebenefit.com\/wp-content\/uploads\/2021\/03\/Covered-CA-Carriers-200x91.png 200w, https:\/\/skylinebenefit.com\/wp-content\/uploads\/2021\/03\/Covered-CA-Carriers-300x136.png 300w, https:\/\/skylinebenefit.com\/wp-content\/uploads\/2021\/03\/Covered-CA-Carriers-400x182.png 400w, https:\/\/skylinebenefit.com\/wp-content\/uploads\/2021\/03\/Covered-CA-Carriers-600x272.png 600w, https:\/\/skylinebenefit.com\/wp-content\/uploads\/2021\/03\/Covered-CA-Carriers-768x349.png 768w, https:\/\/skylinebenefit.com\/wp-content\/uploads\/2021\/03\/Covered-CA-Carriers.png 782w\" data-sizes=\"auto\" data-orig-sizes=\"auto, (max-width: 782px) 100vw, 782px\" \/><\/p>\n<p>M\u00e1s del 99% de los consumidores tendr\u00e1n al menos dos compa\u00f1\u00edas de seguros de salud para elegir y el 87% de los consumidores podr\u00e1n elegir entre tres o m\u00e1s compa\u00f1\u00edas de seguros. Los proveedores de calidad, como Hill Physicians, UCSF Health y otros, siguen estando disponibles en 2021. Adem\u00e1s, los consumidores tienen acceso al 91% de los hospitales generales de atenci\u00f3n aguda de California a trav\u00e9s de las redes de planes de Covered California.<\/p>\n<h3>Compa\u00f1\u00edas de seguros de salud para 2021<\/h3>\n<p>1. Anthem Blue Cross of California.<br \/>\n2. Blue Shield of California.<br \/>\n3. Plan de Salud de la Comunidad China.<br \/>\n4. Health Net.<br \/>\n5. Kaiser.<br \/>\n6. L.A. Care Health Plan.<br \/>\n7. Molina Healthcare.<br \/>\n8. Oscar Health Plan of California.<br \/>\n9. Plan de salud de Sharp.<br \/>\n10. Valley Health Plan.<br \/>\n11. Western Health Advantage.<\/p>\n<p>Estas compa\u00f1\u00edas de seguros de salud representan una mezcla de compa\u00f1\u00edas grandes y peque\u00f1as, redes regionales y estatales de m\u00e9dicos y hospitales, y planes con y sin \u00e1nimo de lucro. Ofrecen un valor y una elecci\u00f3n excepcionales con primas asequibles, una amplia selecci\u00f3n de niveles de prestaciones y un buen acceso a m\u00e9dicos y hospitales.<\/p>\n<h3><a href=\"http:\/\/www.anthem.com\/ca\">Anthem Blue Cross of California<\/a><\/h3>\n<p>Anthem Blue Cross es una de las mayores empresas de atenci\u00f3n sanitaria gestionada de California. Es un licenciatario independiente de la Blue Cross Blue Shield Association con sede en Thousand Oaks, California. Anthem y sus filiales prestan servicio a m\u00e1s de 8 millones de californianos y ofrecen planes de Covered California desde 2014.<\/p>\n<h3><a href=\"http:\/\/blueshieldca.com\">Blue Shield of CA<\/a><\/h3>\n<p>Blue Shield es un plan de salud sin \u00e1nimo de lucro dedicado a garantizar que usted, y todos los californianos, tengan acceso a una asistencia sanitaria de alta calidad a un precio asequible. Se ha comprometido a asociarse con <a href=\"https:\/\/skylinebenefit.com\/covered-california\/\">Covered California<\/a> y a colaborar con los proveedores para mejorar el acceso y el coste y la calidad de la cobertura individual.<\/p>\n<h3><a href=\"http:\/\/www.cchphealthplan.com\">Plan de salud del CCHP<\/a><\/h3>\n<p>El CCHP es un plan de salud basado en la comunidad que comenz\u00f3 en San Francisco hace m\u00e1s de 30 a\u00f1os. Aunque el CCHP comenz\u00f3 proporcionando cobertura de planes de salud a una comunidad china desatendida, ha evolucionado para atender las necesidades de una comunidad m\u00e1s amplia en San Francisco y el norte del condado de San Mateo. La misi\u00f3n del CCHP es mejorar la salud de la comunidad proporcionando una atenci\u00f3n sanitaria de alta calidad y asequible a trav\u00e9s de un sistema culturalmente competente.<br \/>\ny ling\u00fc\u00edsticamente apropiados. En la actualidad, CCHP se enorgullece de ofrecer cobertura a una gran variedad de afiliados, familias y grupos de empresarios. CCHP atiende a los afiliados de Covered California en los condados de San Francisco y San Mateo.<\/p>\n<h3><a href=\"http:\/\/www.myhealthnetca.com\">Red de Salud<\/a><\/h3>\n<p>Con sede en Woodland Hills, California, Health Net of California, Inc. ofrece planes HMO y HSP y Health Net Life Insurance Company suscribe planes de seguro PPO y EPO.<\/p>\n<h3><a href=\"http:\/\/www.kp.org\">Kaiser<\/a><\/h3>\n<p>Kaiser es un plan de salud sin \u00e1nimo de lucro con sede en Oakland, California. Est\u00e1 compuesta por los Planes de Salud de la Fundaci\u00f3n Kaiser (corporaciones de beneficio p\u00fablico sin \u00e1nimo de lucro), los Hospitales de la Fundaci\u00f3n Kaiser (corporaci\u00f3n de beneficio p\u00fablico sin \u00e1nimo de lucro) y los Grupos M\u00e9dicos Permanente (organizaciones profesionales con \u00e1nimo de lucro). Kaiser Permanente tiene ofertas en todas las regiones de calificaci\u00f3n en 2019.<\/p>\n<h3><a href=\"http:\/\/www.lacarecovered.org\">L.A. Care Health Plan<\/a><\/h3>\n<p>L.A. Care, el mayor plan sanitario del pa\u00eds inspirado en la comunidad, lleva m\u00e1s de 20 a\u00f1os mejorando la atenci\u00f3n sanitaria en el condado de Los \u00c1ngeles. L.A. Care est\u00e1 aqu\u00ed para proporcionar cobertura para todas las fases de la vida a los angelinos y es un orgulloso socio de Covered California desde 2014. Nuestra misi\u00f3n ser\u00e1 siempre proporcionar acceso a una atenci\u00f3n sanitaria de calidad y, al mismo tiempo, elevar y reinvertir en nuestras comunidades. L.A. Care proporciona la asistencia necesaria para los servicios de traducci\u00f3n multicultural, informaci\u00f3n sobre el plan de salud, int\u00e9rpretes en las citas m\u00e9dicas y personal formado en competencia cultural.<\/p>\n<h3><a href=\"http:\/\/www.MolinaHealthcare.com\">Molina Healthcare<\/a><\/h3>\n<p>Desde 1985, Molina Healthcare of California ha estado proporcionando atenci\u00f3n a las personas de bajos ingresos. Su misi\u00f3n es ofrecer una atenci\u00f3n sanitaria de alta calidad y rentable a ni\u00f1os, adultos, ancianos, familias y personas con discapacidad. La empresa atiende a unos 600.000 afiliados a trav\u00e9s de Medi-Cal, Medicare, Medicare-Medicaid (Duals) y Covered California. Las \u00e1reas de servicio de Molina incluyen: Sacramento, Los \u00c1ngeles, San Bernardino,<br \/>\nCondados de Riverside, San Diego, Orange e Imperial.<\/p>\n<h3><a href=\"http:\/\/www.hioscar.com\">Oscar Health Plan of California<\/a><\/h3>\n<p>El enfoque de Oscar en el cuidado de la salud pone a los afiliados en primer lugar y los capacita con herramientas sencillas e intuitivas y una atenci\u00f3n personalizada. Los miembros de Oscar tienen un equipo de conserjer\u00eda dedicado, una red de proveedores de salud cuidadosamente seleccionada y una aplicaci\u00f3n y un sitio web f\u00e1ciles de usar que facilitan la b\u00fasqueda de proveedores, la comprensi\u00f3n de los beneficios y la conexi\u00f3n con los m\u00e9dicos en cuesti\u00f3n de minutos.<\/p>\n<h3><a href=\"http:\/\/www.sharphealthplan.com\">Plan de salud de Sharp<\/a><\/h3>\n<p>Sharp Health Plan es un plan de salud sin \u00e1nimo de lucro que sirve a los habitantes de San Diego de todas las edades. Filial de Sharp HealthCare, Sharp Health Plan est\u00e1 disponible para los afiliados a Covered California en las \u00e1reas de San Diego. Sharp Health Plan es el plan de salud mejor valorado por sus miembros en California por cuarto a\u00f1o consecutivo.<\/p>\n<h3><a href=\"http:\/\/www.valleyhealthplan.org\">Valley Health Plan<\/a><\/h3>\n<p>Valley Health Plan (VHP) es una organizaci\u00f3n de mantenimiento de la salud (HMO) autorizada por Knox-Keene, sin \u00e1nimo de lucro y acreditada por la AAAHC, y el \u00fanico plan de salud comercial con base local en el condado de Santa Clara. VHP ha servido con orgullo a la comunidad durante m\u00e1s de 30 a\u00f1os y actualmente proporciona cobertura sanitaria a m\u00e1s de 160.000 miembros.<\/p>\n<h3><a href=\"http:\/\/westernhealth.com\">Ventaja de la salud occidental<\/a><\/h3>\n<p>Con sede en Sacramento, Western Health Advantage es un plan de salud HMO sin \u00e1nimo de lucro fundado en 1996 con una misi\u00f3n basada en la comunidad por m\u00e9dicos y proveedores de atenci\u00f3n sanitaria. La WHA es reconocida constantemente por su calidad y por el valor que ofrece a sus miembros. Con un enfoque en ser un l\u00edder del mercado en la asequibilidad desde su creaci\u00f3n, WHA sirve Sacramento, El Dorado, Placer, Yolo, Colusa, Solano, Napa, y los condados de Sonoma. La red de proveedores de la WHA incluye a Mercy Medical Group, Hill Physicians, Woodland Healthcare, NorthBay Healthcare, St. Joseph Health Medical Network y Meritage Medical Network.<\/p>\n","protected":false},"excerpt":{"rendered":"<p>Compa\u00f1\u00edas de seguros de Covered California M\u00e1s del 99% de los consumidores tendr\u00e1n al menos dos compa\u00f1\u00edas de seguros de salud para elegir y el 87% de los consumidores podr\u00e1n elegir entre tres o m\u00e1s compa\u00f1\u00edas de seguros. Los proveedores [&hellip;]<\/p>\n","protected":false},"author":1,"featured_media":0,"parent":0,"menu_order":0,"comment_status":"closed","ping_status":"closed","template":"","meta":{"footnotes":""},"class_list":["post-9692","page","type-page","status-publish","hentry"],"acf":[],"yoast_head":"<!-- This site is optimized with the Yoast SEO plugin v27.4 - https:\/\/yoast.com\/product\/yoast-seo-wordpress\/ -->\n<title>Compa\u00f1\u00edas de seguros de Covered California | Skyline Benefit<\/title>\n<meta name=\"description\" content=\"Skyline Benefit representa a muchas compa\u00f1\u00edas de seguros con una amplia variedad de opciones de cobertura y precios de Covered California. P\u00f3ngase en contacto con nosotros en el (888) 670-9640.\" \/>\n<meta name=\"robots\" content=\"index, follow, max-snippet:-1, max-image-preview:large, max-video-preview:-1\" \/>\n<link rel=\"canonical\" href=\"https:\/\/skylinebenefit.com\/es\/companias-de-seguros-de-covered-california\/\" \/>\n<meta property=\"og:locale\" content=\"es_ES\" \/>\n<meta property=\"og:type\" content=\"article\" \/>\n<meta property=\"og:title\" content=\"Compa\u00f1\u00edas de seguros de Covered California | Skyline Benefit\" \/>\n<meta property=\"og:description\" content=\"Skyline Benefit representa a muchas compa\u00f1\u00edas de seguros con una amplia variedad de opciones de cobertura y precios de Covered California. P\u00f3ngase en contacto con nosotros en el (888) 670-9640.\" \/>\n<meta property=\"og:url\" content=\"https:\/\/skylinebenefit.com\/es\/companias-de-seguros-de-covered-california\/\" \/>\n<meta property=\"og:site_name\" content=\"Skyline Benefit\" \/>\n<meta property=\"article:publisher\" content=\"https:\/\/www.facebook.com\/skylinebenefitins\/\" \/>\n<meta property=\"og:image\" content=\"https:\/\/skylinebenefit.com\/wp-content\/uploads\/2021\/03\/Covered-CA-Carriers.png\" \/>\n<meta name=\"twitter:card\" content=\"summary_large_image\" \/>\n<meta name=\"twitter:label1\" content=\"Tiempo de lectura\" \/>\n\t<meta name=\"twitter:data1\" content=\"6 minutos\" \/>\n<script type=\"application\/ld+json\" class=\"yoast-schema-graph\">{\"@context\":\"https:\\\/\\\/schema.org\",\"@graph\":[{\"@type\":\"WebPage\",\"@id\":\"https:\\\/\\\/skylinebenefit.com\\\/es\\\/companias-de-seguros-de-covered-california\\\/\",\"url\":\"https:\\\/\\\/skylinebenefit.com\\\/es\\\/companias-de-seguros-de-covered-california\\\/\",\"name\":\"Compa\u00f1\u00edas de seguros de Covered California | Skyline Benefit\",\"isPartOf\":{\"@id\":\"https:\\\/\\\/skylinebenefit.com\\\/es\\\/#website\"},\"primaryImageOfPage\":{\"@id\":\"https:\\\/\\\/skylinebenefit.com\\\/es\\\/companias-de-seguros-de-covered-california\\\/#primaryimage\"},\"image\":{\"@id\":\"https:\\\/\\\/skylinebenefit.com\\\/es\\\/companias-de-seguros-de-covered-california\\\/#primaryimage\"},\"thumbnailUrl\":\"https:\\\/\\\/skylinebenefit.com\\\/wp-content\\\/uploads\\\/2021\\\/03\\\/Covered-CA-Carriers.png\",\"datePublished\":\"2022-07-11T18:02:27+00:00\",\"description\":\"Skyline Benefit representa a muchas compa\u00f1\u00edas de seguros con una amplia variedad de opciones de cobertura y precios de Covered California. P\u00f3ngase en contacto con nosotros en el (888) 670-9640.\",\"breadcrumb\":{\"@id\":\"https:\\\/\\\/skylinebenefit.com\\\/es\\\/companias-de-seguros-de-covered-california\\\/#breadcrumb\"},\"inLanguage\":\"es\",\"potentialAction\":[{\"@type\":\"ReadAction\",\"target\":[\"https:\\\/\\\/skylinebenefit.com\\\/es\\\/companias-de-seguros-de-covered-california\\\/\"]}]},{\"@type\":\"ImageObject\",\"inLanguage\":\"es\",\"@id\":\"https:\\\/\\\/skylinebenefit.com\\\/es\\\/companias-de-seguros-de-covered-california\\\/#primaryimage\",\"url\":\"https:\\\/\\\/skylinebenefit.com\\\/wp-content\\\/uploads\\\/2021\\\/03\\\/Covered-CA-Carriers.png\",\"contentUrl\":\"https:\\\/\\\/skylinebenefit.com\\\/wp-content\\\/uploads\\\/2021\\\/03\\\/Covered-CA-Carriers.png\"},{\"@type\":\"BreadcrumbList\",\"@id\":\"https:\\\/\\\/skylinebenefit.com\\\/es\\\/companias-de-seguros-de-covered-california\\\/#breadcrumb\",\"itemListElement\":[{\"@type\":\"ListItem\",\"position\":1,\"name\":\"Home\",\"item\":\"https:\\\/\\\/skylinebenefit.com\\\/es\\\/\"},{\"@type\":\"ListItem\",\"position\":2,\"name\":\"Compa\u00f1\u00edas de seguros de Covered California\"}]},{\"@type\":\"WebSite\",\"@id\":\"https:\\\/\\\/skylinebenefit.com\\\/es\\\/#website\",\"url\":\"https:\\\/\\\/skylinebenefit.com\\\/es\\\/\",\"name\":\"Skyline Benefit\",\"description\":\"| Individual Insurance | Medicare | Group Health\",\"publisher\":{\"@id\":\"https:\\\/\\\/skylinebenefit.com\\\/es\\\/#organization\"},\"potentialAction\":[{\"@type\":\"SearchAction\",\"target\":{\"@type\":\"EntryPoint\",\"urlTemplate\":\"https:\\\/\\\/skylinebenefit.com\\\/es\\\/?s={search_term_string}\"},\"query-input\":{\"@type\":\"PropertyValueSpecification\",\"valueRequired\":true,\"valueName\":\"search_term_string\"}}],\"inLanguage\":\"es\"},{\"@type\":\"Organization\",\"@id\":\"https:\\\/\\\/skylinebenefit.com\\\/es\\\/#organization\",\"name\":\"Skyline Benefit\",\"url\":\"https:\\\/\\\/skylinebenefit.com\\\/es\\\/\",\"logo\":{\"@type\":\"ImageObject\",\"inLanguage\":\"es\",\"@id\":\"https:\\\/\\\/skylinebenefit.com\\\/es\\\/#\\\/schema\\\/logo\\\/image\\\/\",\"url\":\"https:\\\/\\\/skylinebenefit.com\\\/wp-content\\\/uploads\\\/2025\\\/10\\\/Skyline-Benefit-Logo.jpg\",\"contentUrl\":\"https:\\\/\\\/skylinebenefit.com\\\/wp-content\\\/uploads\\\/2025\\\/10\\\/Skyline-Benefit-Logo.jpg\",\"width\":467,\"height\":161,\"caption\":\"Skyline Benefit\"},\"image\":{\"@id\":\"https:\\\/\\\/skylinebenefit.com\\\/es\\\/#\\\/schema\\\/logo\\\/image\\\/\"},\"sameAs\":[\"https:\\\/\\\/www.facebook.com\\\/skylinebenefitins\\\/\",\"https:\\\/\\\/www.instagram.com\\\/skylinebenefit\\\/\",\"https:\\\/\\\/www.linkedin.com\\\/company\\\/skyline-benefit-insurance-solutions-llc\\\/\",\"https:\\\/\\\/www.youtube.com\\\/channel\\\/UCtPcoI3YbGVN_uWhUgAZMMw\"]}]}<\/script>\n<!-- \/ Yoast SEO plugin. -->","yoast_head_json":{"title":"Compa\u00f1\u00edas de seguros de Covered California | Skyline Benefit","description":"Skyline Benefit representa a muchas compa\u00f1\u00edas de seguros con una amplia variedad de opciones de cobertura y precios de Covered California. P\u00f3ngase en contacto con nosotros en el (888) 670-9640.","robots":{"index":"index","follow":"follow","max-snippet":"max-snippet:-1","max-image-preview":"max-image-preview:large","max-video-preview":"max-video-preview:-1"},"canonical":"https:\/\/skylinebenefit.com\/es\/companias-de-seguros-de-covered-california\/","og_locale":"es_ES","og_type":"article","og_title":"Compa\u00f1\u00edas de seguros de Covered California | Skyline Benefit","og_description":"Skyline Benefit representa a muchas compa\u00f1\u00edas de seguros con una amplia variedad de opciones de cobertura y precios de Covered California. P\u00f3ngase en contacto con nosotros en el (888) 670-9640.","og_url":"https:\/\/skylinebenefit.com\/es\/companias-de-seguros-de-covered-california\/","og_site_name":"Skyline Benefit","article_publisher":"https:\/\/www.facebook.com\/skylinebenefitins\/","og_image":[{"url":"https:\/\/skylinebenefit.com\/wp-content\/uploads\/2021\/03\/Covered-CA-Carriers.png","type":"","width":"","height":""}],"twitter_card":"summary_large_image","twitter_misc":{"Tiempo de lectura":"6 minutos"},"schema":{"@context":"https:\/\/schema.org","@graph":[{"@type":"WebPage","@id":"https:\/\/skylinebenefit.com\/es\/companias-de-seguros-de-covered-california\/","url":"https:\/\/skylinebenefit.com\/es\/companias-de-seguros-de-covered-california\/","name":"Compa\u00f1\u00edas de seguros de Covered California | Skyline Benefit","isPartOf":{"@id":"https:\/\/skylinebenefit.com\/es\/#website"},"primaryImageOfPage":{"@id":"https:\/\/skylinebenefit.com\/es\/companias-de-seguros-de-covered-california\/#primaryimage"},"image":{"@id":"https:\/\/skylinebenefit.com\/es\/companias-de-seguros-de-covered-california\/#primaryimage"},"thumbnailUrl":"https:\/\/skylinebenefit.com\/wp-content\/uploads\/2021\/03\/Covered-CA-Carriers.png","datePublished":"2022-07-11T18:02:27+00:00","description":"Skyline Benefit representa a muchas compa\u00f1\u00edas de seguros con una amplia variedad de opciones de cobertura y precios de Covered California. P\u00f3ngase en contacto con nosotros en el (888) 670-9640.","breadcrumb":{"@id":"https:\/\/skylinebenefit.com\/es\/companias-de-seguros-de-covered-california\/#breadcrumb"},"inLanguage":"es","potentialAction":[{"@type":"ReadAction","target":["https:\/\/skylinebenefit.com\/es\/companias-de-seguros-de-covered-california\/"]}]},{"@type":"ImageObject","inLanguage":"es","@id":"https:\/\/skylinebenefit.com\/es\/companias-de-seguros-de-covered-california\/#primaryimage","url":"https:\/\/skylinebenefit.com\/wp-content\/uploads\/2021\/03\/Covered-CA-Carriers.png","contentUrl":"https:\/\/skylinebenefit.com\/wp-content\/uploads\/2021\/03\/Covered-CA-Carriers.png"},{"@type":"BreadcrumbList","@id":"https:\/\/skylinebenefit.com\/es\/companias-de-seguros-de-covered-california\/#breadcrumb","itemListElement":[{"@type":"ListItem","position":1,"name":"Home","item":"https:\/\/skylinebenefit.com\/es\/"},{"@type":"ListItem","position":2,"name":"Compa\u00f1\u00edas de seguros de Covered California"}]},{"@type":"WebSite","@id":"https:\/\/skylinebenefit.com\/es\/#website","url":"https:\/\/skylinebenefit.com\/es\/","name":"Skyline Benefit","description":"| Individual Insurance | Medicare | Group Health","publisher":{"@id":"https:\/\/skylinebenefit.com\/es\/#organization"},"potentialAction":[{"@type":"SearchAction","target":{"@type":"EntryPoint","urlTemplate":"https:\/\/skylinebenefit.com\/es\/?s={search_term_string}"},"query-input":{"@type":"PropertyValueSpecification","valueRequired":true,"valueName":"search_term_string"}}],"inLanguage":"es"},{"@type":"Organization","@id":"https:\/\/skylinebenefit.com\/es\/#organization","name":"Skyline Benefit","url":"https:\/\/skylinebenefit.com\/es\/","logo":{"@type":"ImageObject","inLanguage":"es","@id":"https:\/\/skylinebenefit.com\/es\/#\/schema\/logo\/image\/","url":"https:\/\/skylinebenefit.com\/wp-content\/uploads\/2025\/10\/Skyline-Benefit-Logo.jpg","contentUrl":"https:\/\/skylinebenefit.com\/wp-content\/uploads\/2025\/10\/Skyline-Benefit-Logo.jpg","width":467,"height":161,"caption":"Skyline Benefit"},"image":{"@id":"https:\/\/skylinebenefit.com\/es\/#\/schema\/logo\/image\/"},"sameAs":["https:\/\/www.facebook.com\/skylinebenefitins\/","https:\/\/www.instagram.com\/skylinebenefit\/","https:\/\/www.linkedin.com\/company\/skyline-benefit-insurance-solutions-llc\/","https:\/\/www.youtube.com\/channel\/UCtPcoI3YbGVN_uWhUgAZMMw"]}]}},"_links":{"self":[{"href":"https:\/\/skylinebenefit.com\/es\/wp-json\/wp\/v2\/pages\/9692","targetHints":{"allow":["GET"]}}],"collection":[{"href":"https:\/\/skylinebenefit.com\/es\/wp-json\/wp\/v2\/pages"}],"about":[{"href":"https:\/\/skylinebenefit.com\/es\/wp-json\/wp\/v2\/types\/page"}],"author":[{"embeddable":true,"href":"https:\/\/skylinebenefit.com\/es\/wp-json\/wp\/v2\/users\/1"}],"replies":[{"embeddable":true,"href":"https:\/\/skylinebenefit.com\/es\/wp-json\/wp\/v2\/comments?post=9692"}],"version-history":[{"count":0,"href":"https:\/\/skylinebenefit.com\/es\/wp-json\/wp\/v2\/pages\/9692\/revisions"}],"wp:attachment":[{"href":"https:\/\/skylinebenefit.com\/es\/wp-json\/wp\/v2\/media?parent=9692"}],"curies":[{"name":"wp","href":"https:\/\/api.w.org\/{rel}","templated":true}]}}